{"id":19,"date":"2022-10-20T22:31:29","date_gmt":"2022-10-20T22:31:29","guid":{"rendered":"https:\/\/malupetcare.pt\/contact\/"},"modified":"2026-03-03T21:23:06","modified_gmt":"2026-03-03T20:23:06","slug":"contactos","status":"publish","type":"page","link":"https:\/\/malupetcare.pt\/en\/contactos\/","title":{"rendered":"Contacts"},"content":{"rendered":"<div data-elementor-type=\"wp-page\" data-elementor-id=\"19\" class=\"elementor elementor-19\">\n\t\t\t\t\t\t<section class=\"elementor-section elementor-top-section elementor-element elementor-element-4d6d5bfe elementor-section-boxed elementor-section-height-default elementor-section-height-default\" data-id=\"4d6d5bfe\" data-element_type=\"section\" data-e-type=\"section\">\n\t\t\t\t\t\t<div class=\"elementor-container elementor-column-gap-default\">\n\t\t\t\t\t<div class=\"elementor-column elementor-col-100 elementor-top-column elementor-element elementor-element-44c0031d\" data-id=\"44c0031d\" data-element_type=\"column\" data-e-type=\"column\">\n\t\t\t<div class=\"elementor-widget-wrap elementor-element-populated\">\n\t\t\t\t\t\t<section class=\"elementor-section elementor-inner-section elementor-element elementor-element-5c4b4ec2 elementor-section-boxed elementor-section-height-default elementor-section-height-default\" data-id=\"5c4b4ec2\" data-element_type=\"section\" data-e-type=\"section\">\n\t\t\t\t\t\t<div class=\"elementor-container elementor-column-gap-default\">\n\t\t\t\t\t<div class=\"elementor-column elementor-col-100 elementor-inner-column elementor-element elementor-element-3c93dd83\" data-id=\"3c93dd83\" data-element_type=\"column\" data-e-type=\"column\">\n\t\t\t<div class=\"elementor-widget-wrap elementor-element-populated\">\n\t\t\t\t\t\t<div class=\"elementor-element elementor-element-7732967e elementor-widget elementor-widget-spacer\" data-id=\"7732967e\" data-element_type=\"widget\" data-e-type=\"widget\" data-widget_type=\"spacer.default\">\n\t\t\t\t<div class=\"elementor-widget-container\">\n\t\t\t\t\t\t\t<div class=\"elementor-spacer\">\n\t\t\t<div class=\"elementor-spacer-inner\"><\/div>\n\t\t<\/div>\n\t\t\t\t\t\t<\/div>\n\t\t\t\t<\/div>\n\t\t\t\t<div class=\"elementor-element elementor-element-3882d087 elementor-widget elementor-widget-heading\" data-id=\"3882d087\" data-element_type=\"widget\" data-e-type=\"widget\" data-widget_type=\"heading.default\">\n\t\t\t\t<div class=\"elementor-widget-container\">\n\t\t\t\t\t<h2 class=\"elementor-heading-title elementor-size-default\">Contacts<\/h2>\t\t\t\t<\/div>\n\t\t\t\t<\/div>\n\t\t\t\t<div class=\"elementor-element elementor-element-e16e5a1 elementor-widget elementor-widget-text-editor\" data-id=\"e16e5a1\" data-element_type=\"widget\" data-e-type=\"widget\" data-widget_type=\"text-editor.default\">\n\t\t\t\t<div class=\"elementor-widget-container\">\n\t\t\t\t\t\t\t\t\t<p>Tell us how we can help you. We are happy to receive your contact!\u00a0<\/p>\t\t\t\t\t\t\t\t<\/div>\n\t\t\t\t<\/div>\n\t\t\t\t\t<\/div>\n\t\t<\/div>\n\t\t\t\t\t<\/div>\n\t\t<\/section>\n\t\t\t\t<section class=\"elementor-section elementor-inner-section elementor-element elementor-element-281e8ad0 elementor-section-boxed elementor-section-height-default elementor-section-height-default\" data-id=\"281e8ad0\" data-element_type=\"section\" data-e-type=\"section\">\n\t\t\t\t\t\t<div class=\"elementor-container elementor-column-gap-default\">\n\t\t\t\t\t<div class=\"elementor-column elementor-col-25 elementor-inner-column elementor-element elementor-element-61a6c1d7\" data-id=\"61a6c1d7\" data-element_type=\"column\" data-e-type=\"column\">\n\t\t\t<div class=\"elementor-widget-wrap elementor-element-populated\">\n\t\t\t\t\t\t<div class=\"elementor-element elementor-element-3b6c7336 elementor-view-default elementor-widget elementor-widget-icon\" data-id=\"3b6c7336\" data-element_type=\"widget\" data-e-type=\"widget\" data-widget_type=\"icon.default\">\n\t\t\t\t<div class=\"elementor-widget-container\">\n\t\t\t\t\t\t\t<div class=\"elementor-icon-wrapper\">\n\t\t\t<a class=\"elementor-icon\" href=\"mailto:info@malupetcare.pt\" target=\"_blank\">\n\t\t\t<i aria-hidden=\"true\" class=\"far fa-envelope\"><\/i>\t\t\t<\/a>\n\t\t<\/div>\n\t\t\t\t\t\t<\/div>\n\t\t\t\t<\/div>\n\t\t\t\t<div class=\"elementor-element elementor-element-221ffec3 elementor-widget elementor-widget-text-editor\" data-id=\"221ffec3\" data-element_type=\"widget\" data-e-type=\"widget\" data-widget_type=\"text-editor.default\">\n\t\t\t\t<div class=\"elementor-widget-container\">\n\t\t\t\t\t\t\t\t\t<p><a href=\"mailto:info@malupetcare.pt\" target=\"_blank\" rel=\"noopener\">info@malupetcare.pt<\/a><\/p>\t\t\t\t\t\t\t\t<\/div>\n\t\t\t\t<\/div>\n\t\t\t\t\t<\/div>\n\t\t<\/div>\n\t\t\t\t<div class=\"elementor-column elementor-col-25 elementor-inner-column elementor-element elementor-element-519c179\" data-id=\"519c179\" data-element_type=\"column\" data-e-type=\"column\">\n\t\t\t<div class=\"elementor-widget-wrap elementor-element-populated\">\n\t\t\t\t\t\t<div class=\"elementor-element elementor-element-1638ca29 elementor-view-default elementor-widget elementor-widget-icon\" data-id=\"1638ca29\" data-element_type=\"widget\" data-e-type=\"widget\" data-widget_type=\"icon.default\">\n\t\t\t\t<div class=\"elementor-widget-container\">\n\t\t\t\t\t\t\t<div class=\"elementor-icon-wrapper\">\n\t\t\t<a class=\"elementor-icon\" href=\"https:\/\/www.instagram.com\/malu.petcare\/\" target=\"_blank\">\n\t\t\t<i aria-hidden=\"true\" class=\"fab fa-instagram\"><\/i>\t\t\t<\/a>\n\t\t<\/div>\n\t\t\t\t\t\t<\/div>\n\t\t\t\t<\/div>\n\t\t\t\t<div class=\"elementor-element elementor-element-314b203b elementor-widget elementor-widget-text-editor\" data-id=\"314b203b\" data-element_type=\"widget\" data-e-type=\"widget\" data-widget_type=\"text-editor.default\">\n\t\t\t\t<div class=\"elementor-widget-container\">\n\t\t\t\t\t\t\t\t\t<p><a href=\"https:\/\/www.instagram.com\/malu.petcare\/\" target=\"_blank\" rel=\"noopener\" data-wplink-edit=\"true\">@malu.petcare<\/a><\/p>\t\t\t\t\t\t\t\t<\/div>\n\t\t\t\t<\/div>\n\t\t\t\t\t<\/div>\n\t\t<\/div>\n\t\t\t\t<div class=\"elementor-column elementor-col-25 elementor-inner-column elementor-element elementor-element-7173e57e\" data-id=\"7173e57e\" data-element_type=\"column\" data-e-type=\"column\">\n\t\t\t<div class=\"elementor-widget-wrap elementor-element-populated\">\n\t\t\t\t\t\t<div class=\"elementor-element elementor-element-341f93b elementor-view-default elementor-widget elementor-widget-icon\" data-id=\"341f93b\" data-element_type=\"widget\" data-e-type=\"widget\" data-widget_type=\"icon.default\">\n\t\t\t\t<div class=\"elementor-widget-container\">\n\t\t\t\t\t\t\t<div class=\"elementor-icon-wrapper\">\n\t\t\t<a class=\"elementor-icon\" href=\"https:\/\/www.facebook.com\/malu.petcare\" target=\"_blank\">\n\t\t\t<i aria-hidden=\"true\" class=\"fab fa-facebook\"><\/i>\t\t\t<\/a>\n\t\t<\/div>\n\t\t\t\t\t\t<\/div>\n\t\t\t\t<\/div>\n\t\t\t\t<div class=\"elementor-element elementor-element-1d99f5a9 elementor-widget elementor-widget-text-editor\" data-id=\"1d99f5a9\" data-element_type=\"widget\" data-e-type=\"widget\" data-widget_type=\"text-editor.default\">\n\t\t\t\t<div class=\"elementor-widget-container\">\n\t\t\t\t\t\t\t\t\t<p><a href=\"https:\/\/www.facebook.com\/malu.petcare\" target=\"_blank\" rel=\"noopener\">@malu.petcare<\/a><\/p>\t\t\t\t\t\t\t\t<\/div>\n\t\t\t\t<\/div>\n\t\t\t\t\t<\/div>\n\t\t<\/div>\n\t\t\t\t<div class=\"elementor-column elementor-col-25 elementor-inner-column elementor-element elementor-element-4a8ec185\" data-id=\"4a8ec185\" data-element_type=\"column\" data-e-type=\"column\">\n\t\t\t<div class=\"elementor-widget-wrap elementor-element-populated\">\n\t\t\t\t\t\t<div class=\"elementor-element elementor-element-1c514309 elementor-view-default elementor-widget elementor-widget-icon\" data-id=\"1c514309\" data-element_type=\"widget\" data-e-type=\"widget\" data-widget_type=\"icon.default\">\n\t\t\t\t<div class=\"elementor-widget-container\">\n\t\t\t\t\t\t\t<div class=\"elementor-icon-wrapper\">\n\t\t\t<a class=\"elementor-icon\" href=\"tel:+351933088502\">\n\t\t\t<i aria-hidden=\"true\" class=\"fas fa-phone-alt\"><\/i>\t\t\t<\/a>\n\t\t<\/div>\n\t\t\t\t\t\t<\/div>\n\t\t\t\t<\/div>\n\t\t\t\t<div class=\"elementor-element elementor-element-77d73a34 elementor-widget elementor-widget-text-editor\" data-id=\"77d73a34\" data-element_type=\"widget\" data-e-type=\"widget\" data-widget_type=\"text-editor.default\">\n\t\t\t\t<div class=\"elementor-widget-container\">\n\t\t\t\t\t\t\t\t\t<p><a href=\"tel:+351933088502\">+351 933088502<\/a><\/p>\t\t\t\t\t\t\t\t<\/div>\n\t\t\t\t<\/div>\n\t\t\t\t\t<\/div>\n\t\t<\/div>\n\t\t\t\t\t<\/div>\n\t\t<\/section>\n\t\t\t\t<div class=\"elementor-element elementor-element-d7eebe8 elementor-widget elementor-widget-spacer\" data-id=\"d7eebe8\" data-element_type=\"widget\" data-e-type=\"widget\" data-widget_type=\"spacer.default\">\n\t\t\t\t<div class=\"elementor-widget-container\">\n\t\t\t\t\t\t\t<div class=\"elementor-spacer\">\n\t\t\t<div class=\"elementor-spacer-inner\"><\/div>\n\t\t<\/div>\n\t\t\t\t\t\t<\/div>\n\t\t\t\t<\/div>\n\t\t\t\t\t<\/div>\n\t\t<\/div>\n\t\t\t\t\t<\/div>\n\t\t<\/section>\n\t\t\t\t<section class=\"elementor-section elementor-top-section elementor-element elementor-element-86e1749 elementor-section-boxed elementor-section-height-default elementor-section-height-default\" data-id=\"86e1749\" data-element_type=\"section\" data-e-type=\"section\">\n\t\t\t\t\t\t<div class=\"elementor-container elementor-column-gap-default\">\n\t\t\t\t\t<div class=\"elementor-column elementor-col-100 elementor-top-column elementor-element elementor-element-b460844\" data-id=\"b460844\" data-element_type=\"column\" data-e-type=\"column\">\n\t\t\t<div class=\"elementor-widget-wrap elementor-element-populated\">\n\t\t\t\t\t\t<div class=\"elementor-element elementor-element-10af471 elementor-widget elementor-widget-spacer\" data-id=\"10af471\" data-element_type=\"widget\" data-e-type=\"widget\" data-widget_type=\"spacer.default\">\n\t\t\t\t<div class=\"elementor-widget-container\">\n\t\t\t\t\t\t\t<div class=\"elementor-spacer\">\n\t\t\t<div class=\"elementor-spacer-inner\"><\/div>\n\t\t<\/div>\n\t\t\t\t\t\t<\/div>\n\t\t\t\t<\/div>\n\t\t\t\t\t<\/div>\n\t\t<\/div>\n\t\t\t\t\t<\/div>\n\t\t<\/section>\n\t\t\t\t<section class=\"elementor-section elementor-top-section elementor-element elementor-element-b8c5279 elementor-section-boxed elementor-section-height-default elementor-section-height-default\" data-id=\"b8c5279\" data-element_type=\"section\" data-e-type=\"section\">\n\t\t\t\t\t\t<div class=\"elementor-container elementor-column-gap-default\">\n\t\t\t\t\t<div class=\"elementor-column elementor-col-50 elementor-top-column elementor-element elementor-element-abc0787\" data-id=\"abc0787\" data-element_type=\"column\" data-e-type=\"column\">\n\t\t\t<div class=\"elementor-widget-wrap elementor-element-populated\">\n\t\t\t\t\t\t<div class=\"elementor-element elementor-element-7412674 elementor-widget elementor-widget-spacer\" data-id=\"7412674\" data-element_type=\"widget\" data-e-type=\"widget\" data-widget_type=\"spacer.default\">\n\t\t\t\t<div class=\"elementor-widget-container\">\n\t\t\t\t\t\t\t<div class=\"elementor-spacer\">\n\t\t\t<div class=\"elementor-spacer-inner\"><\/div>\n\t\t<\/div>\n\t\t\t\t\t\t<\/div>\n\t\t\t\t<\/div>\n\t\t\t\t<div class=\"elementor-element elementor-element-4c5bfa1 elementor-widget elementor-widget-text-editor\" data-id=\"4c5bfa1\" data-element_type=\"widget\" data-e-type=\"widget\" data-widget_type=\"text-editor.default\">\n\t\t\t\t<div class=\"elementor-widget-container\">\n\t\t\t\t\t\t\t\t\t<p>We have a space in Lisbon for our pet accessories that we create!<\/p><p>You can also find us there (by appointment).<\/p>\t\t\t\t\t\t\t\t<\/div>\n\t\t\t\t<\/div>\n\t\t\t\t<div class=\"elementor-element elementor-element-bfe0e6a elementor-widget elementor-widget-image-carousel\" data-id=\"bfe0e6a\" data-element_type=\"widget\" data-e-type=\"widget\" data-settings=\"{&quot;slides_to_show&quot;:&quot;3&quot;,&quot;navigation&quot;:&quot;none&quot;,&quot;autoplay&quot;:&quot;no&quot;,&quot;infinite&quot;:&quot;no&quot;,&quot;slides_to_show_mobile&quot;:&quot;3&quot;,&quot;speed&quot;:500}\" data-widget_type=\"image-carousel.default\">\n\t\t\t\t<div class=\"elementor-widget-container\">\n\t\t\t\t\t\t\t<div class=\"elementor-image-carousel-wrapper swiper\" role=\"region\" aria-roledescription=\"carousel\" aria-label=\"Image Carousel\" dir=\"ltr\">\n\t\t\t<div class=\"elementor-image-carousel swiper-wrapper\" aria-live=\"polite\">\n\t\t\t\t\t\t\t\t<div class=\"swiper-slide\" role=\"group\" aria-roledescription=\"slide\" aria-label=\"1 of 3\"><figure class=\"swiper-slide-inner\"><img decoding=\"async\" class=\"swiper-slide-image\" src=\"https:\/\/malupetcare.pt\/wp-content\/uploads\/2022\/10\/Imagem-de-06-09-21-a\u0300s-12.22-150x150.jpg\" alt=\"Exterior Atelier Mal\u00fc Pet Wear\" \/><\/figure><\/div><div class=\"swiper-slide\" role=\"group\" aria-roledescription=\"slide\" aria-label=\"2 of 3\"><figure class=\"swiper-slide-inner\"><img decoding=\"async\" class=\"swiper-slide-image\" src=\"https:\/\/malupetcare.pt\/wp-content\/uploads\/2022\/10\/Espac\u0327oMalu-1-150x150.jpg\" alt=\"Interior Atelier Mal\u00fc Pet Wear\" \/><\/figure><\/div><div class=\"swiper-slide\" role=\"group\" aria-roledescription=\"slide\" aria-label=\"3 of 3\"><figure class=\"swiper-slide-inner\"><img decoding=\"async\" class=\"swiper-slide-image\" src=\"https:\/\/malupetcare.pt\/wp-content\/uploads\/2022\/10\/Espac\u0327oMalu-5-150x150.jpg\" alt=\"Happy Dogs Here - neon\" \/><\/figure><\/div>\t\t\t<\/div>\n\t\t\t\t\t\t\t\n\t\t\t\t\t\t\t\t\t<\/div>\n\t\t\t\t\t\t<\/div>\n\t\t\t\t<\/div>\n\t\t\t\t\t<\/div>\n\t\t<\/div>\n\t\t\t\t<div class=\"elementor-column elementor-col-50 elementor-top-column elementor-element elementor-element-82abf15\" data-id=\"82abf15\" data-element_type=\"column\" data-e-type=\"column\">\n\t\t\t<div class=\"elementor-widget-wrap elementor-element-populated\">\n\t\t\t\t\t\t<div class=\"elementor-element elementor-element-b5e8c93 elementor-widget elementor-widget-google_maps\" data-id=\"b5e8c93\" data-element_type=\"widget\" data-e-type=\"widget\" data-widget_type=\"google_maps.default\">\n\t\t\t\t<div class=\"elementor-widget-container\">\n\t\t\t\t\t\t\t<div class=\"elementor-custom-embed\">\n\t\t\t<iframe loading=\"lazy\"\n\t\t\t\t\tsrc=\"https:\/\/maps.google.com\/maps?q=Mal%C3%BC%20Pet%20Wear&#038;t=m&#038;z=13&#038;output=embed&#038;iwloc=near\"\n\t\t\t\t\ttitle=\"Mal\u00fc Pet Wear\"\n\t\t\t\t\taria-label=\"Mal\u00fc Pet Wear\"\n\t\t\t><\/iframe>\n\t\t<\/div>\n\t\t\t\t\t\t<\/div>\n\t\t\t\t<\/div>\n\t\t\t\t\t<\/div>\n\t\t<\/div>\n\t\t\t\t\t<\/div>\n\t\t<\/section>\n\t\t\t\t<section class=\"elementor-section elementor-top-section elementor-element elementor-element-9878940 elementor-section-boxed elementor-section-height-default elementor-section-height-default\" data-id=\"9878940\" data-element_type=\"section\" data-e-type=\"section\">\n\t\t\t\t\t\t<div class=\"elementor-container elementor-column-gap-default\">\n\t\t\t\t\t<div class=\"elementor-column elementor-col-100 elementor-top-column elementor-element elementor-element-c4b890a\" data-id=\"c4b890a\" data-element_type=\"column\" data-e-type=\"column\">\n\t\t\t<div class=\"elementor-widget-wrap elementor-element-populated\">\n\t\t\t\t\t\t<div class=\"elementor-element elementor-element-c418433 elementor-widget elementor-widget-spacer\" data-id=\"c418433\" data-element_type=\"widget\" data-e-type=\"widget\" data-widget_type=\"spacer.default\">\n\t\t\t\t<div class=\"elementor-widget-container\">\n\t\t\t\t\t\t\t<div class=\"elementor-spacer\">\n\t\t\t<div class=\"elementor-spacer-inner\"><\/div>\n\t\t<\/div>\n\t\t\t\t\t\t<\/div>\n\t\t\t\t<\/div>\n\t\t\t\t\t<\/div>\n\t\t<\/div>\n\t\t\t\t\t<\/div>\n\t\t<\/section>\n\t\t\t\t<\/div>","protected":false},"excerpt":{"rendered":"<p>Contactos Diga-nos como o podemos ajudar. Temos todo o gosto em receber o seu contacto!\u00a0 info@malupetcare.pt @malu.petcare @malu.petcare +351 933088502 Temos um espa\u00e7o em Lisboa para os nossos acess\u00f3rios de animais que criamos! Tamb\u00e9m nos podem encontrar por l\u00e1 (mediante marca\u00e7\u00e3o).<\/p>","protected":false},"author":1,"featured_media":0,"parent":0,"menu_order":0,"comment_status":"closed","ping_status":"closed","template":"elementor_header_footer","meta":{"_monsterinsights_skip_tracking":false,"_monsterinsights_sitenote_active":false,"_monsterinsights_sitenote_note":"","_monsterinsights_sitenote_category":0,"_uf_show_specific_survey":0,"_uf_disable_surveys":false,"neve_meta_sidebar":"","neve_meta_container":"","neve_meta_enable_content_width":"","neve_meta_content_width":0,"neve_meta_title_alignment":"","neve_meta_author_avatar":"","neve_post_elements_order":"","neve_meta_disable_header":"","neve_meta_disable_footer":"","neve_meta_disable_title":"","pgc_sgb_lightbox_settings":"","footnotes":""},"class_list":["post-19","page","type-page","status-publish","hentry"],"yoast_head":"<!-- This site is optimized with the Yoast SEO plugin v27.3 - https:\/\/yoast.com\/product\/yoast-seo-wordpress\/ -->\n<title>Contactos - Mal\u00fc Pet Care<\/title>\n<meta name=\"description\" content=\"Saiba mais sobre os nossos servi\u00e7os de petsitting em Lisboa, valores e outras d\u00favidas que tenha. Temos v\u00e1rias formas de contacto dispon\u00edveis!\" \/>\n<meta name=\"robots\" content=\"index, follow, max-snippet:-1, max-image-preview:large, max-video-preview:-1\" \/>\n<link rel=\"canonical\" href=\"https:\/\/malupetcare.pt\/en\/contactos\/\" \/>\n<meta property=\"og:locale\" content=\"en_US\" \/>\n<meta property=\"og:type\" content=\"article\" \/>\n<meta property=\"og:title\" content=\"Contactos - Mal\u00fc Pet Care\" \/>\n<meta property=\"og:description\" content=\"Saiba mais sobre os nossos servi\u00e7os de petsitting em Lisboa, valores e outras d\u00favidas que tenha. Temos v\u00e1rias formas de contacto dispon\u00edveis!\" \/>\n<meta property=\"og:url\" content=\"https:\/\/malupetcare.pt\/en\/contactos\/\" \/>\n<meta property=\"og:site_name\" content=\"Mal\u00fc Pet Care\" \/>\n<meta property=\"article:publisher\" content=\"https:\/\/www.facebook.com\/malu.petcare\/\" \/>\n<meta property=\"article:modified_time\" content=\"2026-03-03T20:23:06+00:00\" \/>\n<meta name=\"twitter:card\" content=\"summary_large_image\" \/>\n<meta name=\"twitter:label1\" content=\"Est. reading time\" \/>\n\t<meta name=\"twitter:data1\" content=\"1 minute\" \/>\n<script type=\"application\/ld+json\" class=\"yoast-schema-graph\">{\"@context\":\"https:\\\/\\\/schema.org\",\"@graph\":[{\"@type\":[\"WebPage\",\"ContactPage\"],\"@id\":\"https:\\\/\\\/malupetcare.pt\\\/contactos\\\/\",\"url\":\"https:\\\/\\\/malupetcare.pt\\\/contactos\\\/\",\"name\":\"Contactos - Mal\u00fc Pet Care\",\"isPartOf\":{\"@id\":\"https:\\\/\\\/malupetcare.pt\\\/#website\"},\"datePublished\":\"2022-10-20T22:31:29+00:00\",\"dateModified\":\"2026-03-03T20:23:06+00:00\",\"description\":\"Saiba mais sobre os nossos servi\u00e7os de petsitting em Lisboa, valores e outras d\u00favidas que tenha. Temos v\u00e1rias formas de contacto dispon\u00edveis!\",\"inLanguage\":\"en-US\",\"potentialAction\":[{\"@type\":\"ReadAction\",\"target\":[\"https:\\\/\\\/malupetcare.pt\\\/contactos\\\/\"]}]},{\"@type\":\"WebSite\",\"@id\":\"https:\\\/\\\/malupetcare.pt\\\/#website\",\"url\":\"https:\\\/\\\/malupetcare.pt\\\/\",\"name\":\"Mal\u00fc Pet Care\",\"description\":\"Pet Care - Petsitting, Dog Walking, Pet Taxi, Wedding Pet Sitter\",\"publisher\":{\"@id\":\"https:\\\/\\\/malupetcare.pt\\\/#organization\"},\"potentialAction\":[{\"@type\":\"SearchAction\",\"target\":{\"@type\":\"EntryPoint\",\"urlTemplate\":\"https:\\\/\\\/malupetcare.pt\\\/?s={search_term_string}\"},\"query-input\":{\"@type\":\"PropertyValueSpecification\",\"valueRequired\":true,\"valueName\":\"search_term_string\"}}],\"inLanguage\":\"en-US\"},{\"@type\":\"Organization\",\"@id\":\"https:\\\/\\\/malupetcare.pt\\\/#organization\",\"name\":\"Mal\u00fc Pet Care\",\"url\":\"https:\\\/\\\/malupetcare.pt\\\/\",\"logo\":{\"@type\":\"ImageObject\",\"inLanguage\":\"en-US\",\"@id\":\"https:\\\/\\\/malupetcare.pt\\\/#\\\/schema\\\/logo\\\/image\\\/\",\"url\":\"https:\\\/\\\/malupetcare.pt\\\/wp-content\\\/uploads\\\/2022\\\/11\\\/cropped-MaluPetCare_Logo-07.png\",\"contentUrl\":\"https:\\\/\\\/malupetcare.pt\\\/wp-content\\\/uploads\\\/2022\\\/11\\\/cropped-MaluPetCare_Logo-07.png\",\"width\":200,\"height\":200,\"caption\":\"Mal\u00fc Pet Care\"},\"image\":{\"@id\":\"https:\\\/\\\/malupetcare.pt\\\/#\\\/schema\\\/logo\\\/image\\\/\"},\"sameAs\":[\"https:\\\/\\\/www.facebook.com\\\/malu.petcare\\\/\",\"https:\\\/\\\/www.instagram.com\\\/malu.petcare\\\/\"]}]}<\/script>\n<!-- \/ Yoast SEO plugin. -->","yoast_head_json":{"title":"Contactos - Mal\u00fc Pet Care","description":"Saiba mais sobre os nossos servi\u00e7os de petsitting em Lisboa, valores e outras d\u00favidas que tenha. Temos v\u00e1rias formas de contacto dispon\u00edveis!","robots":{"index":"index","follow":"follow","max-snippet":"max-snippet:-1","max-image-preview":"max-image-preview:large","max-video-preview":"max-video-preview:-1"},"canonical":"https:\/\/malupetcare.pt\/en\/contactos\/","og_locale":"en_US","og_type":"article","og_title":"Contactos - Mal\u00fc Pet Care","og_description":"Saiba mais sobre os nossos servi\u00e7os de petsitting em Lisboa, valores e outras d\u00favidas que tenha. Temos v\u00e1rias formas de contacto dispon\u00edveis!","og_url":"https:\/\/malupetcare.pt\/en\/contactos\/","og_site_name":"Mal\u00fc Pet Care","article_publisher":"https:\/\/www.facebook.com\/malu.petcare\/","article_modified_time":"2026-03-03T20:23:06+00:00","twitter_card":"summary_large_image","twitter_misc":{"Est. reading time":"1 minute"},"schema":{"@context":"https:\/\/schema.org","@graph":[{"@type":["WebPage","ContactPage"],"@id":"https:\/\/malupetcare.pt\/contactos\/","url":"https:\/\/malupetcare.pt\/contactos\/","name":"Contactos - Mal\u00fc Pet Care","isPartOf":{"@id":"https:\/\/malupetcare.pt\/#website"},"datePublished":"2022-10-20T22:31:29+00:00","dateModified":"2026-03-03T20:23:06+00:00","description":"Saiba mais sobre os nossos servi\u00e7os de petsitting em Lisboa, valores e outras d\u00favidas que tenha. Temos v\u00e1rias formas de contacto dispon\u00edveis!","inLanguage":"en-US","potentialAction":[{"@type":"ReadAction","target":["https:\/\/malupetcare.pt\/contactos\/"]}]},{"@type":"WebSite","@id":"https:\/\/malupetcare.pt\/#website","url":"https:\/\/malupetcare.pt\/","name":"Mal\u00fc Pet Care","description":"Pet Care - Petsitting, Dog Walking, Pet Taxi, Wedding Pet Sitter","publisher":{"@id":"https:\/\/malupetcare.pt\/#organization"},"potentialAction":[{"@type":"SearchAction","target":{"@type":"EntryPoint","urlTemplate":"https:\/\/malupetcare.pt\/?s={search_term_string}"},"query-input":{"@type":"PropertyValueSpecification","valueRequired":true,"valueName":"search_term_string"}}],"inLanguage":"en-US"},{"@type":"Organization","@id":"https:\/\/malupetcare.pt\/#organization","name":"Mal\u00fc Pet Care","url":"https:\/\/malupetcare.pt\/","logo":{"@type":"ImageObject","inLanguage":"en-US","@id":"https:\/\/malupetcare.pt\/#\/schema\/logo\/image\/","url":"https:\/\/malupetcare.pt\/wp-content\/uploads\/2022\/11\/cropped-MaluPetCare_Logo-07.png","contentUrl":"https:\/\/malupetcare.pt\/wp-content\/uploads\/2022\/11\/cropped-MaluPetCare_Logo-07.png","width":200,"height":200,"caption":"Mal\u00fc Pet Care"},"image":{"@id":"https:\/\/malupetcare.pt\/#\/schema\/logo\/image\/"},"sameAs":["https:\/\/www.facebook.com\/malu.petcare\/","https:\/\/www.instagram.com\/malu.petcare\/"]}]}},"_links":{"self":[{"href":"https:\/\/malupetcare.pt\/en\/wp-json\/wp\/v2\/pages\/19","targetHints":{"allow":["GET"]}}],"collection":[{"href":"https:\/\/malupetcare.pt\/en\/wp-json\/wp\/v2\/pages"}],"about":[{"href":"https:\/\/malupetcare.pt\/en\/wp-json\/wp\/v2\/types\/page"}],"author":[{"embeddable":true,"href":"https:\/\/malupetcare.pt\/en\/wp-json\/wp\/v2\/users\/1"}],"replies":[{"embeddable":true,"href":"https:\/\/malupetcare.pt\/en\/wp-json\/wp\/v2\/comments?post=19"}],"version-history":[{"count":23,"href":"https:\/\/malupetcare.pt\/en\/wp-json\/wp\/v2\/pages\/19\/revisions"}],"predecessor-version":[{"id":2378,"href":"https:\/\/malupetcare.pt\/en\/wp-json\/wp\/v2\/pages\/19\/revisions\/2378"}],"wp:attachment":[{"href":"https:\/\/malupetcare.pt\/en\/wp-json\/wp\/v2\/media?parent=19"}],"curies":[{"name":"wp","href":"https:\/\/api.w.org\/{rel}","templated":true}]}}