{"id":255,"date":"2022-10-31T23:12:26","date_gmt":"2022-10-31T23:12:26","guid":{"rendered":"https:\/\/malupetcare.pt\/?page_id=255"},"modified":"2025-09-11T19:51:09","modified_gmt":"2025-09-11T18:51:09","slug":"pet-taxi","status":"publish","type":"page","link":"https:\/\/malupetcare.pt\/en\/pet-taxi\/","title":{"rendered":"Pet T\u00e1xi"},"content":{"rendered":"<div data-elementor-type=\"wp-page\" data-elementor-id=\"255\" class=\"elementor elementor-255\">\n\t\t\t\t\t\t<section class=\"elementor-section elementor-top-section elementor-element elementor-element-0097c2a elementor-section-boxed elementor-section-height-default elementor-section-height-default\" data-id=\"0097c2a\" data-element_type=\"section\" data-e-type=\"section\">\n\t\t\t\t\t\t<div class=\"elementor-container elementor-column-gap-default\">\n\t\t\t\t\t<div class=\"elementor-column elementor-col-100 elementor-top-column elementor-element elementor-element-2847709\" data-id=\"2847709\" data-element_type=\"column\" data-e-type=\"column\">\n\t\t\t<div class=\"elementor-widget-wrap elementor-element-populated\">\n\t\t\t\t\t\t<div class=\"elementor-element elementor-element-594cac7 elementor-widget elementor-widget-spacer\" data-id=\"594cac7\" data-element_type=\"widget\" data-e-type=\"widget\" data-widget_type=\"spacer.default\">\n\t\t\t\t<div class=\"elementor-widget-container\">\n\t\t\t\t\t\t\t<div class=\"elementor-spacer\">\n\t\t\t<div class=\"elementor-spacer-inner\"><\/div>\n\t\t<\/div>\n\t\t\t\t\t\t<\/div>\n\t\t\t\t<\/div>\n\t\t\t\t<div class=\"elementor-element elementor-element-7cae013 elementor-widget elementor-widget-heading\" data-id=\"7cae013\" data-element_type=\"widget\" data-e-type=\"widget\" data-widget_type=\"heading.default\">\n\t\t\t\t<div class=\"elementor-widget-container\">\n\t\t\t\t\t<h2 class=\"elementor-heading-title elementor-size-default\">Pet T\u00e1xi<\/h2>\t\t\t\t<\/div>\n\t\t\t\t<\/div>\n\t\t\t\t<div class=\"elementor-element elementor-element-bb1e46f elementor-widget elementor-widget-spacer\" data-id=\"bb1e46f\" data-element_type=\"widget\" data-e-type=\"widget\" data-widget_type=\"spacer.default\">\n\t\t\t\t<div class=\"elementor-widget-container\">\n\t\t\t\t\t\t\t<div class=\"elementor-spacer\">\n\t\t\t<div class=\"elementor-spacer-inner\"><\/div>\n\t\t<\/div>\n\t\t\t\t\t\t<\/div>\n\t\t\t\t<\/div>\n\t\t\t\t\t<\/div>\n\t\t<\/div>\n\t\t\t\t\t<\/div>\n\t\t<\/section>\n\t\t\t\t<section class=\"elementor-section elementor-top-section elementor-element elementor-element-55cacfa elementor-section-boxed elementor-section-height-default elementor-section-height-default\" data-id=\"55cacfa\" data-element_type=\"section\" data-e-type=\"section\">\n\t\t\t\t\t\t<div class=\"elementor-container elementor-column-gap-default\">\n\t\t\t\t\t<div class=\"elementor-column elementor-col-50 elementor-top-column elementor-element elementor-element-f29b076\" data-id=\"f29b076\" data-element_type=\"column\" data-e-type=\"column\">\n\t\t\t<div class=\"elementor-widget-wrap elementor-element-populated\">\n\t\t\t\t\t\t<div class=\"elementor-element elementor-element-57d52a8 elementor-widget elementor-widget-image\" data-id=\"57d52a8\" data-element_type=\"widget\" data-e-type=\"widget\" data-widget_type=\"image.default\">\n\t\t\t\t<div class=\"elementor-widget-container\">\n\t\t\t\t\t\t\t\t\t\t\t\t\t\t\t<img fetchpriority=\"high\" decoding=\"async\" width=\"1024\" height=\"1024\" src=\"https:\/\/malupetcare.pt\/wp-content\/uploads\/2022\/12\/WhatsApp-Image-2022-12-15-at-15.29.50.jpeg\" class=\"attachment-full size-full wp-image-984\" alt=\"Pet Taxi\" srcset=\"https:\/\/malupetcare.pt\/wp-content\/uploads\/2022\/12\/WhatsApp-Image-2022-12-15-at-15.29.50.jpeg 1024w, https:\/\/malupetcare.pt\/wp-content\/uploads\/2022\/12\/WhatsApp-Image-2022-12-15-at-15.29.50-300x300.jpeg 300w, https:\/\/malupetcare.pt\/wp-content\/uploads\/2022\/12\/WhatsApp-Image-2022-12-15-at-15.29.50-150x150.jpeg 150w, https:\/\/malupetcare.pt\/wp-content\/uploads\/2022\/12\/WhatsApp-Image-2022-12-15-at-15.29.50-768x768.jpeg 768w\" sizes=\"(max-width: 1024px) 100vw, 1024px\" \/>\t\t\t\t\t\t\t\t\t\t\t\t\t\t\t<\/div>\n\t\t\t\t<\/div>\n\t\t\t\t\t<\/div>\n\t\t<\/div>\n\t\t\t\t<div class=\"elementor-column elementor-col-50 elementor-top-column elementor-element elementor-element-efa8ec7\" data-id=\"efa8ec7\" data-element_type=\"column\" data-e-type=\"column\">\n\t\t\t<div class=\"elementor-widget-wrap elementor-element-populated\">\n\t\t\t\t\t\t<div class=\"elementor-element elementor-element-6efcff3 elementor-widget elementor-widget-text-editor\" data-id=\"6efcff3\" data-element_type=\"widget\" data-e-type=\"widget\" data-widget_type=\"text-editor.default\">\n\t\t\t\t<div class=\"elementor-widget-container\">\n\t\t\t\t\t\t\t\t\t<p>Do you need to transport your pet but don't have your own vehicle? You do but you don't have the time to accompany him\/her?\u00a0<\/p><p>Estamos dispon\u00edvel para o levar onde for necess\u00e1rio. Quer seja \u00e0 tosquia, ao veterin\u00e1rio, \u00e0 casa de um amigo ou a qualquer outro lugar.<\/p><p>Este servi\u00e7o funciona atrav\u00e9s de or\u00e7amento e <strong>tem de ser agendado com anteced\u00eancia<\/strong>.<br \/>Do you need a ride? Tell us when!<\/p>\t\t\t\t\t\t\t\t<\/div>\n\t\t\t\t<\/div>\n\t\t\t\t<div class=\"elementor-element elementor-element-1815e3f elementor-align-center elementor-widget elementor-widget-button\" data-id=\"1815e3f\" data-element_type=\"widget\" data-e-type=\"widget\" data-widget_type=\"button.default\">\n\t\t\t\t<div class=\"elementor-widget-container\">\n\t\t\t\t\t\t\t\t\t<div class=\"elementor-button-wrapper\">\n\t\t\t\t\t<a class=\"elementor-button elementor-button-link elementor-size-sm\" href=\"https:\/\/malupetcare.pt\/en\/contactos\/\">\n\t\t\t\t\t\t<span class=\"elementor-button-content-wrapper\">\n\t\t\t\t\t\t\t\t\t<span class=\"elementor-button-text\">Click here for more informations<\/span>\n\t\t\t\t\t<\/span>\n\t\t\t\t\t<\/a>\n\t\t\t\t<\/div>\n\t\t\t\t\t\t\t\t<\/div>\n\t\t\t\t<\/div>\n\t\t\t\t\t<\/div>\n\t\t<\/div>\n\t\t\t\t\t<\/div>\n\t\t<\/section>\n\t\t\t\t<\/div>","protected":false},"excerpt":{"rendered":"<p>Pet T\u00e1xi Precisa de transportar o seu animal de estima\u00e7\u00e3o mas n\u00e3o tem viatura pr\u00f3pria? At\u00e9 tem mas n\u00e3o tem disponibilidade de o acompanhar?\u00a0 Estamos dispon\u00edvel para o levar onde for necess\u00e1rio. Quer seja \u00e0 tosquia, ao veterin\u00e1rio, \u00e0 casa de um amigo ou a qualquer outro lugar. Este servi\u00e7o funciona atrav\u00e9s de or\u00e7amento e&hellip;&nbsp;<a href=\"https:\/\/malupetcare.pt\/en\/pet-taxi\/\" rel=\"bookmark\">Read More &raquo;<span class=\"screen-reader-text\">Pet T\u00e1xi<\/span><\/a><\/p>","protected":false},"author":1,"featured_media":258,"parent":0,"menu_order":0,"comment_status":"closed","ping_status":"closed","template":"elementor_header_footer","meta":{"_monsterinsights_skip_tracking":false,"_monsterinsights_sitenote_active":false,"_monsterinsights_sitenote_note":"","_monsterinsights_sitenote_category":0,"_uf_show_specific_survey":0,"_uf_disable_surveys":false,"neve_meta_sidebar":"","neve_meta_container":"","neve_meta_enable_content_width":"","neve_meta_content_width":0,"neve_meta_title_alignment":"","neve_meta_author_avatar":"","neve_post_elements_order":"","neve_meta_disable_header":"","neve_meta_disable_footer":"","neve_meta_disable_title":"","pgc_sgb_lightbox_settings":"","footnotes":""},"class_list":["post-255","page","type-page","status-publish","has-post-thumbnail","hentry"],"yoast_head":"<!-- This site is optimized with the Yoast SEO plugin v27.3 - https:\/\/yoast.com\/product\/yoast-seo-wordpress\/ -->\n<title>Pet T\u00e1xi - Mal\u00fc Pet Care<\/title>\n<meta name=\"description\" content=\"N\u00e3o tem veiculo pr\u00f3prio e precisa de um pet t\u00e1xi? Fazemo-lo por si dentro da zona de Lisboa! Pe\u00e7a j\u00e1 um or\u00e7amento online.\" \/>\n<meta name=\"robots\" content=\"index, follow, max-snippet:-1, max-image-preview:large, max-video-preview:-1\" \/>\n<link rel=\"canonical\" href=\"https:\/\/malupetcare.pt\/en\/pet-taxi\/\" \/>\n<meta property=\"og:locale\" content=\"en_US\" \/>\n<meta property=\"og:type\" content=\"article\" \/>\n<meta property=\"og:title\" content=\"Pet T\u00e1xi - Mal\u00fc Pet Care\" \/>\n<meta property=\"og:description\" content=\"N\u00e3o tem veiculo pr\u00f3prio e precisa de um pet t\u00e1xi? Fazemo-lo por si dentro da zona de Lisboa! Pe\u00e7a j\u00e1 um or\u00e7amento online.\" \/>\n<meta property=\"og:url\" content=\"https:\/\/malupetcare.pt\/en\/pet-taxi\/\" \/>\n<meta property=\"og:site_name\" content=\"Mal\u00fc Pet Care\" \/>\n<meta property=\"article:publisher\" content=\"https:\/\/www.facebook.com\/malu.petcare\/\" \/>\n<meta property=\"article:modified_time\" content=\"2025-09-11T18:51:09+00:00\" \/>\n<meta property=\"og:image\" content=\"https:\/\/malupetcare.pt\/wp-content\/uploads\/2022\/10\/Captura-de-ecra\u0303-2022-10-31-a\u0300s-23.08.09.png\" \/>\n\t<meta property=\"og:image:width\" content=\"463\" \/>\n\t<meta property=\"og:image:height\" content=\"584\" \/>\n\t<meta property=\"og:image:type\" content=\"image\/png\" \/>\n<meta name=\"twitter:card\" content=\"summary_large_image\" \/>\n<meta name=\"twitter:label1\" content=\"Est. reading time\" \/>\n\t<meta name=\"twitter:data1\" content=\"1 minute\" \/>\n<script type=\"application\/ld+json\" class=\"yoast-schema-graph\">{\"@context\":\"https:\\\/\\\/schema.org\",\"@graph\":[{\"@type\":\"WebPage\",\"@id\":\"https:\\\/\\\/malupetcare.pt\\\/pet-taxi\\\/\",\"url\":\"https:\\\/\\\/malupetcare.pt\\\/pet-taxi\\\/\",\"name\":\"Pet T\u00e1xi - Mal\u00fc Pet Care\",\"isPartOf\":{\"@id\":\"https:\\\/\\\/malupetcare.pt\\\/#website\"},\"primaryImageOfPage\":{\"@id\":\"https:\\\/\\\/malupetcare.pt\\\/pet-taxi\\\/#primaryimage\"},\"image\":{\"@id\":\"https:\\\/\\\/malupetcare.pt\\\/pet-taxi\\\/#primaryimage\"},\"thumbnailUrl\":\"https:\\\/\\\/malupetcare.pt\\\/wp-content\\\/uploads\\\/2022\\\/10\\\/Captura-de-ecra\u0303-2022-10-31-a\u0300s-23.08.09.png\",\"datePublished\":\"2022-10-31T23:12:26+00:00\",\"dateModified\":\"2025-09-11T18:51:09+00:00\",\"description\":\"N\u00e3o tem veiculo pr\u00f3prio e precisa de um pet t\u00e1xi? Fazemo-lo por si dentro da zona de Lisboa! Pe\u00e7a j\u00e1 um or\u00e7amento online.\",\"inLanguage\":\"en-US\",\"potentialAction\":[{\"@type\":\"ReadAction\",\"target\":[\"https:\\\/\\\/malupetcare.pt\\\/pet-taxi\\\/\"]}]},{\"@type\":\"ImageObject\",\"inLanguage\":\"en-US\",\"@id\":\"https:\\\/\\\/malupetcare.pt\\\/pet-taxi\\\/#primaryimage\",\"url\":\"https:\\\/\\\/malupetcare.pt\\\/wp-content\\\/uploads\\\/2022\\\/10\\\/Captura-de-ecra\u0303-2022-10-31-a\u0300s-23.08.09.png\",\"contentUrl\":\"https:\\\/\\\/malupetcare.pt\\\/wp-content\\\/uploads\\\/2022\\\/10\\\/Captura-de-ecra\u0303-2022-10-31-a\u0300s-23.08.09.png\",\"width\":463,\"height\":584,\"caption\":\"Pet T\u00e1xi\"},{\"@type\":\"WebSite\",\"@id\":\"https:\\\/\\\/malupetcare.pt\\\/#website\",\"url\":\"https:\\\/\\\/malupetcare.pt\\\/\",\"name\":\"Mal\u00fc Pet Care\",\"description\":\"Pet Care - Petsitting, Dog Walking, Pet Taxi, Wedding Pet Sitter\",\"publisher\":{\"@id\":\"https:\\\/\\\/malupetcare.pt\\\/#organization\"},\"potentialAction\":[{\"@type\":\"SearchAction\",\"target\":{\"@type\":\"EntryPoint\",\"urlTemplate\":\"https:\\\/\\\/malupetcare.pt\\\/?s={search_term_string}\"},\"query-input\":{\"@type\":\"PropertyValueSpecification\",\"valueRequired\":true,\"valueName\":\"search_term_string\"}}],\"inLanguage\":\"en-US\"},{\"@type\":\"Organization\",\"@id\":\"https:\\\/\\\/malupetcare.pt\\\/#organization\",\"name\":\"Mal\u00fc Pet Care\",\"url\":\"https:\\\/\\\/malupetcare.pt\\\/\",\"logo\":{\"@type\":\"ImageObject\",\"inLanguage\":\"en-US\",\"@id\":\"https:\\\/\\\/malupetcare.pt\\\/#\\\/schema\\\/logo\\\/image\\\/\",\"url\":\"https:\\\/\\\/malupetcare.pt\\\/wp-content\\\/uploads\\\/2022\\\/11\\\/cropped-MaluPetCare_Logo-07.png\",\"contentUrl\":\"https:\\\/\\\/malupetcare.pt\\\/wp-content\\\/uploads\\\/2022\\\/11\\\/cropped-MaluPetCare_Logo-07.png\",\"width\":200,\"height\":200,\"caption\":\"Mal\u00fc Pet Care\"},\"image\":{\"@id\":\"https:\\\/\\\/malupetcare.pt\\\/#\\\/schema\\\/logo\\\/image\\\/\"},\"sameAs\":[\"https:\\\/\\\/www.facebook.com\\\/malu.petcare\\\/\",\"https:\\\/\\\/www.instagram.com\\\/malu.petcare\\\/\"]}]}<\/script>\n<!-- \/ Yoast SEO plugin. -->","yoast_head_json":{"title":"Pet T\u00e1xi - Mal\u00fc Pet Care","description":"N\u00e3o tem veiculo pr\u00f3prio e precisa de um pet t\u00e1xi? Fazemo-lo por si dentro da zona de Lisboa! Pe\u00e7a j\u00e1 um or\u00e7amento online.","robots":{"index":"index","follow":"follow","max-snippet":"max-snippet:-1","max-image-preview":"max-image-preview:large","max-video-preview":"max-video-preview:-1"},"canonical":"https:\/\/malupetcare.pt\/en\/pet-taxi\/","og_locale":"en_US","og_type":"article","og_title":"Pet T\u00e1xi - Mal\u00fc Pet Care","og_description":"N\u00e3o tem veiculo pr\u00f3prio e precisa de um pet t\u00e1xi? Fazemo-lo por si dentro da zona de Lisboa! Pe\u00e7a j\u00e1 um or\u00e7amento online.","og_url":"https:\/\/malupetcare.pt\/en\/pet-taxi\/","og_site_name":"Mal\u00fc Pet Care","article_publisher":"https:\/\/www.facebook.com\/malu.petcare\/","article_modified_time":"2025-09-11T18:51:09+00:00","og_image":[{"width":463,"height":584,"url":"https:\/\/malupetcare.pt\/wp-content\/uploads\/2022\/10\/Captura-de-ecra\u0303-2022-10-31-a\u0300s-23.08.09.png","type":"image\/png"}],"twitter_card":"summary_large_image","twitter_misc":{"Est. reading time":"1 minute"},"schema":{"@context":"https:\/\/schema.org","@graph":[{"@type":"WebPage","@id":"https:\/\/malupetcare.pt\/pet-taxi\/","url":"https:\/\/malupetcare.pt\/pet-taxi\/","name":"Pet T\u00e1xi - Mal\u00fc Pet Care","isPartOf":{"@id":"https:\/\/malupetcare.pt\/#website"},"primaryImageOfPage":{"@id":"https:\/\/malupetcare.pt\/pet-taxi\/#primaryimage"},"image":{"@id":"https:\/\/malupetcare.pt\/pet-taxi\/#primaryimage"},"thumbnailUrl":"https:\/\/malupetcare.pt\/wp-content\/uploads\/2022\/10\/Captura-de-ecra\u0303-2022-10-31-a\u0300s-23.08.09.png","datePublished":"2022-10-31T23:12:26+00:00","dateModified":"2025-09-11T18:51:09+00:00","description":"N\u00e3o tem veiculo pr\u00f3prio e precisa de um pet t\u00e1xi? Fazemo-lo por si dentro da zona de Lisboa! Pe\u00e7a j\u00e1 um or\u00e7amento online.","inLanguage":"en-US","potentialAction":[{"@type":"ReadAction","target":["https:\/\/malupetcare.pt\/pet-taxi\/"]}]},{"@type":"ImageObject","inLanguage":"en-US","@id":"https:\/\/malupetcare.pt\/pet-taxi\/#primaryimage","url":"https:\/\/malupetcare.pt\/wp-content\/uploads\/2022\/10\/Captura-de-ecra\u0303-2022-10-31-a\u0300s-23.08.09.png","contentUrl":"https:\/\/malupetcare.pt\/wp-content\/uploads\/2022\/10\/Captura-de-ecra\u0303-2022-10-31-a\u0300s-23.08.09.png","width":463,"height":584,"caption":"Pet T\u00e1xi"},{"@type":"WebSite","@id":"https:\/\/malupetcare.pt\/#website","url":"https:\/\/malupetcare.pt\/","name":"Mal\u00fc Pet Care","description":"Pet Care - Petsitting, Dog Walking, Pet Taxi, Wedding Pet Sitter","publisher":{"@id":"https:\/\/malupetcare.pt\/#organization"},"potentialAction":[{"@type":"SearchAction","target":{"@type":"EntryPoint","urlTemplate":"https:\/\/malupetcare.pt\/?s={search_term_string}"},"query-input":{"@type":"PropertyValueSpecification","valueRequired":true,"valueName":"search_term_string"}}],"inLanguage":"en-US"},{"@type":"Organization","@id":"https:\/\/malupetcare.pt\/#organization","name":"Mal\u00fc Pet Care","url":"https:\/\/malupetcare.pt\/","logo":{"@type":"ImageObject","inLanguage":"en-US","@id":"https:\/\/malupetcare.pt\/#\/schema\/logo\/image\/","url":"https:\/\/malupetcare.pt\/wp-content\/uploads\/2022\/11\/cropped-MaluPetCare_Logo-07.png","contentUrl":"https:\/\/malupetcare.pt\/wp-content\/uploads\/2022\/11\/cropped-MaluPetCare_Logo-07.png","width":200,"height":200,"caption":"Mal\u00fc Pet Care"},"image":{"@id":"https:\/\/malupetcare.pt\/#\/schema\/logo\/image\/"},"sameAs":["https:\/\/www.facebook.com\/malu.petcare\/","https:\/\/www.instagram.com\/malu.petcare\/"]}]}},"_links":{"self":[{"href":"https:\/\/malupetcare.pt\/en\/wp-json\/wp\/v2\/pages\/255","targetHints":{"allow":["GET"]}}],"collection":[{"href":"https:\/\/malupetcare.pt\/en\/wp-json\/wp\/v2\/pages"}],"about":[{"href":"https:\/\/malupetcare.pt\/en\/wp-json\/wp\/v2\/types\/page"}],"author":[{"embeddable":true,"href":"https:\/\/malupetcare.pt\/en\/wp-json\/wp\/v2\/users\/1"}],"replies":[{"embeddable":true,"href":"https:\/\/malupetcare.pt\/en\/wp-json\/wp\/v2\/comments?post=255"}],"version-history":[{"count":16,"href":"https:\/\/malupetcare.pt\/en\/wp-json\/wp\/v2\/pages\/255\/revisions"}],"predecessor-version":[{"id":2278,"href":"https:\/\/malupetcare.pt\/en\/wp-json\/wp\/v2\/pages\/255\/revisions\/2278"}],"wp:featuredmedia":[{"embeddable":true,"href":"https:\/\/malupetcare.pt\/en\/wp-json\/wp\/v2\/media\/258"}],"wp:attachment":[{"href":"https:\/\/malupetcare.pt\/en\/wp-json\/wp\/v2\/media?parent=255"}],"curies":[{"name":"wp","href":"https:\/\/api.w.org\/{rel}","templated":true}]}}