{"id":263,"date":"2022-10-31T23:24:46","date_gmt":"2022-10-31T23:24:46","guid":{"rendered":"https:\/\/malupetcare.pt\/?page_id=263"},"modified":"2022-12-21T17:04:51","modified_gmt":"2022-12-21T17:04:51","slug":"idas-ao-veterinario","status":"publish","type":"page","link":"https:\/\/malupetcare.pt\/en\/idas-ao-veterinario\/","title":{"rendered":"Trips to the Vet"},"content":{"rendered":"<div data-elementor-type=\"wp-page\" data-elementor-id=\"263\" class=\"elementor elementor-263\">\n\t\t\t\t\t\t<section class=\"elementor-section elementor-top-section elementor-element elementor-element-ec72877 elementor-section-boxed elementor-section-height-default elementor-section-height-default\" data-id=\"ec72877\" data-element_type=\"section\" data-e-type=\"section\">\n\t\t\t\t\t\t<div class=\"elementor-container elementor-column-gap-default\">\n\t\t\t\t\t<div class=\"elementor-column elementor-col-100 elementor-top-column elementor-element elementor-element-1f37f13\" data-id=\"1f37f13\" data-element_type=\"column\" data-e-type=\"column\">\n\t\t\t<div class=\"elementor-widget-wrap elementor-element-populated\">\n\t\t\t\t\t\t<div class=\"elementor-element elementor-element-57768db elementor-widget elementor-widget-spacer\" data-id=\"57768db\" data-element_type=\"widget\" data-e-type=\"widget\" data-widget_type=\"spacer.default\">\n\t\t\t\t<div class=\"elementor-widget-container\">\n\t\t\t\t\t\t\t<div class=\"elementor-spacer\">\n\t\t\t<div class=\"elementor-spacer-inner\"><\/div>\n\t\t<\/div>\n\t\t\t\t\t\t<\/div>\n\t\t\t\t<\/div>\n\t\t\t\t<div class=\"elementor-element elementor-element-81c9fc9 elementor-widget elementor-widget-heading\" data-id=\"81c9fc9\" data-element_type=\"widget\" data-e-type=\"widget\" data-widget_type=\"heading.default\">\n\t\t\t\t<div class=\"elementor-widget-container\">\n\t\t\t\t\t<h2 class=\"elementor-heading-title elementor-size-default\">Trips to the Vet<\/h2>\t\t\t\t<\/div>\n\t\t\t\t<\/div>\n\t\t\t\t<div class=\"elementor-element elementor-element-1c66e15 elementor-widget elementor-widget-spacer\" data-id=\"1c66e15\" data-element_type=\"widget\" data-e-type=\"widget\" data-widget_type=\"spacer.default\">\n\t\t\t\t<div class=\"elementor-widget-container\">\n\t\t\t\t\t\t\t<div class=\"elementor-spacer\">\n\t\t\t<div class=\"elementor-spacer-inner\"><\/div>\n\t\t<\/div>\n\t\t\t\t\t\t<\/div>\n\t\t\t\t<\/div>\n\t\t\t\t\t<\/div>\n\t\t<\/div>\n\t\t\t\t\t<\/div>\n\t\t<\/section>\n\t\t\t\t<section class=\"elementor-section elementor-top-section elementor-element elementor-element-78753cc elementor-section-boxed elementor-section-height-default elementor-section-height-default\" data-id=\"78753cc\" data-element_type=\"section\" data-e-type=\"section\">\n\t\t\t\t\t\t<div class=\"elementor-container elementor-column-gap-default\">\n\t\t\t\t\t<div class=\"elementor-column elementor-col-50 elementor-top-column elementor-element elementor-element-c219e1e\" data-id=\"c219e1e\" data-element_type=\"column\" data-e-type=\"column\">\n\t\t\t<div class=\"elementor-widget-wrap elementor-element-populated\">\n\t\t\t\t\t\t<div class=\"elementor-element elementor-element-1379076 elementor-widget elementor-widget-image\" data-id=\"1379076\" data-element_type=\"widget\" data-e-type=\"widget\" data-widget_type=\"image.default\">\n\t\t\t\t<div class=\"elementor-widget-container\">\n\t\t\t\t\t\t\t\t\t\t\t\t\t\t\t<img fetchpriority=\"high\" decoding=\"async\" width=\"2560\" height=\"1707\" src=\"https:\/\/malupetcare.pt\/wp-content\/uploads\/2022\/11\/pexels-tima-miroshnichenko-6235108-scaled.jpg\" class=\"attachment-full size-full wp-image-680\" alt=\"Ida ao Veterin\u00e1rio\" srcset=\"https:\/\/malupetcare.pt\/wp-content\/uploads\/2022\/11\/pexels-tima-miroshnichenko-6235108-scaled.jpg 2560w, https:\/\/malupetcare.pt\/wp-content\/uploads\/2022\/11\/pexels-tima-miroshnichenko-6235108-300x200.jpg 300w, https:\/\/malupetcare.pt\/wp-content\/uploads\/2022\/11\/pexels-tima-miroshnichenko-6235108-1024x683.jpg 1024w, https:\/\/malupetcare.pt\/wp-content\/uploads\/2022\/11\/pexels-tima-miroshnichenko-6235108-768x512.jpg 768w, https:\/\/malupetcare.pt\/wp-content\/uploads\/2022\/11\/pexels-tima-miroshnichenko-6235108-1536x1024.jpg 1536w, https:\/\/malupetcare.pt\/wp-content\/uploads\/2022\/11\/pexels-tima-miroshnichenko-6235108-2048x1365.jpg 2048w, https:\/\/malupetcare.pt\/wp-content\/uploads\/2022\/11\/pexels-tima-miroshnichenko-6235108-930x620.jpg 930w\" sizes=\"(max-width: 2560px) 100vw, 2560px\" \/>\t\t\t\t\t\t\t\t\t\t\t\t\t\t\t<\/div>\n\t\t\t\t<\/div>\n\t\t\t\t\t<\/div>\n\t\t<\/div>\n\t\t\t\t<div class=\"elementor-column elementor-col-50 elementor-top-column elementor-element elementor-element-84ccaa8\" data-id=\"84ccaa8\" data-element_type=\"column\" data-e-type=\"column\">\n\t\t\t<div class=\"elementor-widget-wrap elementor-element-populated\">\n\t\t\t\t\t\t<div class=\"elementor-element elementor-element-07817ab elementor-widget elementor-widget-text-editor\" data-id=\"07817ab\" data-element_type=\"widget\" data-e-type=\"widget\" data-widget_type=\"text-editor.default\">\n\t\t\t\t<div class=\"elementor-widget-container\">\n\t\t\t\t\t\t\t\t\t<p>Is your life busy and you can't balance the vet's schedule with your own? <br \/>Do you have mobility problems and is it difficult for you to take your animals to the vet? For any other reason do you need us?<\/p><p>You can count on us. In addition to transporting them, we also accompany them throughout the appointment so that they feel accompanied.\u00a0<\/p><p>Talk to us so we can arrange time availability and give you a quote.<\/p>\t\t\t\t\t\t\t\t<\/div>\n\t\t\t\t<\/div>\n\t\t\t\t<div class=\"elementor-element elementor-element-3669742 elementor-align-center elementor-widget elementor-widget-button\" data-id=\"3669742\" data-element_type=\"widget\" data-e-type=\"widget\" data-widget_type=\"button.default\">\n\t\t\t\t<div class=\"elementor-widget-container\">\n\t\t\t\t\t\t\t\t\t<div class=\"elementor-button-wrapper\">\n\t\t\t\t\t<a class=\"elementor-button elementor-button-link elementor-size-sm\" href=\"https:\/\/malupetcare.pt\/en\/contactos\/\">\n\t\t\t\t\t\t<span class=\"elementor-button-content-wrapper\">\n\t\t\t\t\t\t\t\t\t<span class=\"elementor-button-text\">Click here for more informations<\/span>\n\t\t\t\t\t<\/span>\n\t\t\t\t\t<\/a>\n\t\t\t\t<\/div>\n\t\t\t\t\t\t\t\t<\/div>\n\t\t\t\t<\/div>\n\t\t\t\t\t<\/div>\n\t\t<\/div>\n\t\t\t\t\t<\/div>\n\t\t<\/section>\n\t\t\t\t<\/div>","protected":false},"excerpt":{"rendered":"<p>Idas ao Veterin\u00e1rio A sua vida anda uma correria e n\u00e3o consegue conciliar os hor\u00e1rios do veterin\u00e1rio com os seus? Tem problemas de mobilidade e \u00e9 dif\u00edcil para si levar os seus animais ao veterin\u00e1rio? Por qualquer outro motivo precisa de n\u00f3s? Pode contar connosco. Al\u00e9m de os transportarmos, tamb\u00e9m os acompanhamos durante toda a&hellip;&nbsp;<a href=\"https:\/\/malupetcare.pt\/en\/idas-ao-veterinario\/\" rel=\"bookmark\">Read More &raquo;<span class=\"screen-reader-text\">Trips to the Vet<\/span><\/a><\/p>","protected":false},"author":1,"featured_media":0,"parent":0,"menu_order":0,"comment_status":"closed","ping_status":"closed","template":"elementor_header_footer","meta":{"_monsterinsights_skip_tracking":false,"_monsterinsights_sitenote_active":false,"_monsterinsights_sitenote_note":"","_monsterinsights_sitenote_category":0,"_uf_show_specific_survey":0,"_uf_disable_surveys":false,"neve_meta_sidebar":"","neve_meta_container":"","neve_meta_enable_content_width":"","neve_meta_content_width":0,"neve_meta_title_alignment":"","neve_meta_author_avatar":"","neve_post_elements_order":"","neve_meta_disable_header":"","neve_meta_disable_footer":"","neve_meta_disable_title":"","pgc_sgb_lightbox_settings":"","footnotes":""},"class_list":["post-263","page","type-page","status-publish","hentry"],"yoast_head":"<!-- This site is optimized with the Yoast SEO plugin v27.3 - https:\/\/yoast.com\/product\/yoast-seo-wordpress\/ -->\n<title>Idas ao Veterin\u00e1rio - Mal\u00fc Pet Care<\/title>\n<meta name=\"description\" content=\"Anda numa correria e n\u00e3o tem tempo de levar animal de estima\u00e7\u00e3o ao veterin\u00e1rio? N\u00f3s levamo-lo e fazemos-lhe companhia nas idas ao veterin\u00e1rio\" \/>\n<meta name=\"robots\" content=\"index, follow, max-snippet:-1, max-image-preview:large, max-video-preview:-1\" \/>\n<link rel=\"canonical\" href=\"https:\/\/malupetcare.pt\/en\/idas-ao-veterinario\/\" \/>\n<meta property=\"og:locale\" content=\"en_US\" \/>\n<meta property=\"og:type\" content=\"article\" \/>\n<meta property=\"og:title\" content=\"Idas ao Veterin\u00e1rio - Mal\u00fc Pet Care\" \/>\n<meta property=\"og:description\" content=\"Anda numa correria e n\u00e3o tem tempo de levar animal de estima\u00e7\u00e3o ao veterin\u00e1rio? N\u00f3s levamo-lo e fazemos-lhe companhia nas idas ao veterin\u00e1rio\" \/>\n<meta property=\"og:url\" content=\"https:\/\/malupetcare.pt\/en\/idas-ao-veterinario\/\" \/>\n<meta property=\"og:site_name\" content=\"Mal\u00fc Pet Care\" \/>\n<meta property=\"article:publisher\" content=\"https:\/\/www.facebook.com\/malu.petcare\/\" \/>\n<meta property=\"article:modified_time\" content=\"2022-12-21T17:04:51+00:00\" \/>\n<meta property=\"og:image\" content=\"https:\/\/malupetcare.pt\/wp-content\/uploads\/2022\/11\/pexels-tima-miroshnichenko-6235108-scaled.jpg\" \/>\n<meta name=\"twitter:card\" content=\"summary_large_image\" \/>\n<meta name=\"twitter:label1\" content=\"Est. reading time\" \/>\n\t<meta name=\"twitter:data1\" content=\"1 minute\" \/>\n<script type=\"application\/ld+json\" class=\"yoast-schema-graph\">{\"@context\":\"https:\\\/\\\/schema.org\",\"@graph\":[{\"@type\":\"WebPage\",\"@id\":\"https:\\\/\\\/malupetcare.pt\\\/idas-ao-veterinario\\\/\",\"url\":\"https:\\\/\\\/malupetcare.pt\\\/idas-ao-veterinario\\\/\",\"name\":\"Idas ao Veterin\u00e1rio - Mal\u00fc Pet Care\",\"isPartOf\":{\"@id\":\"https:\\\/\\\/malupetcare.pt\\\/#website\"},\"primaryImageOfPage\":{\"@id\":\"https:\\\/\\\/malupetcare.pt\\\/idas-ao-veterinario\\\/#primaryimage\"},\"image\":{\"@id\":\"https:\\\/\\\/malupetcare.pt\\\/idas-ao-veterinario\\\/#primaryimage\"},\"thumbnailUrl\":\"https:\\\/\\\/malupetcare.pt\\\/wp-content\\\/uploads\\\/2022\\\/11\\\/pexels-tima-miroshnichenko-6235108-scaled.jpg\",\"datePublished\":\"2022-10-31T23:24:46+00:00\",\"dateModified\":\"2022-12-21T17:04:51+00:00\",\"description\":\"Anda numa correria e n\u00e3o tem tempo de levar animal de estima\u00e7\u00e3o ao veterin\u00e1rio? N\u00f3s levamo-lo e fazemos-lhe companhia nas idas ao veterin\u00e1rio\",\"inLanguage\":\"en-US\",\"potentialAction\":[{\"@type\":\"ReadAction\",\"target\":[\"https:\\\/\\\/malupetcare.pt\\\/idas-ao-veterinario\\\/\"]}]},{\"@type\":\"ImageObject\",\"inLanguage\":\"en-US\",\"@id\":\"https:\\\/\\\/malupetcare.pt\\\/idas-ao-veterinario\\\/#primaryimage\",\"url\":\"https:\\\/\\\/malupetcare.pt\\\/wp-content\\\/uploads\\\/2022\\\/11\\\/pexels-tima-miroshnichenko-6235108-scaled.jpg\",\"contentUrl\":\"https:\\\/\\\/malupetcare.pt\\\/wp-content\\\/uploads\\\/2022\\\/11\\\/pexels-tima-miroshnichenko-6235108-scaled.jpg\"},{\"@type\":\"WebSite\",\"@id\":\"https:\\\/\\\/malupetcare.pt\\\/#website\",\"url\":\"https:\\\/\\\/malupetcare.pt\\\/\",\"name\":\"Mal\u00fc Pet Care\",\"description\":\"Pet Care - Petsitting, Dog Walking, Pet Taxi, Wedding Pet Sitter\",\"publisher\":{\"@id\":\"https:\\\/\\\/malupetcare.pt\\\/#organization\"},\"potentialAction\":[{\"@type\":\"SearchAction\",\"target\":{\"@type\":\"EntryPoint\",\"urlTemplate\":\"https:\\\/\\\/malupetcare.pt\\\/?s={search_term_string}\"},\"query-input\":{\"@type\":\"PropertyValueSpecification\",\"valueRequired\":true,\"valueName\":\"search_term_string\"}}],\"inLanguage\":\"en-US\"},{\"@type\":\"Organization\",\"@id\":\"https:\\\/\\\/malupetcare.pt\\\/#organization\",\"name\":\"Mal\u00fc Pet Care\",\"url\":\"https:\\\/\\\/malupetcare.pt\\\/\",\"logo\":{\"@type\":\"ImageObject\",\"inLanguage\":\"en-US\",\"@id\":\"https:\\\/\\\/malupetcare.pt\\\/#\\\/schema\\\/logo\\\/image\\\/\",\"url\":\"https:\\\/\\\/malupetcare.pt\\\/wp-content\\\/uploads\\\/2022\\\/11\\\/cropped-MaluPetCare_Logo-07.png\",\"contentUrl\":\"https:\\\/\\\/malupetcare.pt\\\/wp-content\\\/uploads\\\/2022\\\/11\\\/cropped-MaluPetCare_Logo-07.png\",\"width\":200,\"height\":200,\"caption\":\"Mal\u00fc Pet Care\"},\"image\":{\"@id\":\"https:\\\/\\\/malupetcare.pt\\\/#\\\/schema\\\/logo\\\/image\\\/\"},\"sameAs\":[\"https:\\\/\\\/www.facebook.com\\\/malu.petcare\\\/\",\"https:\\\/\\\/www.instagram.com\\\/malu.petcare\\\/\"]}]}<\/script>\n<!-- \/ Yoast SEO plugin. -->","yoast_head_json":{"title":"Idas ao Veterin\u00e1rio - Mal\u00fc Pet Care","description":"Anda numa correria e n\u00e3o tem tempo de levar animal de estima\u00e7\u00e3o ao veterin\u00e1rio? N\u00f3s levamo-lo e fazemos-lhe companhia nas idas ao veterin\u00e1rio","robots":{"index":"index","follow":"follow","max-snippet":"max-snippet:-1","max-image-preview":"max-image-preview:large","max-video-preview":"max-video-preview:-1"},"canonical":"https:\/\/malupetcare.pt\/en\/idas-ao-veterinario\/","og_locale":"en_US","og_type":"article","og_title":"Idas ao Veterin\u00e1rio - Mal\u00fc Pet Care","og_description":"Anda numa correria e n\u00e3o tem tempo de levar animal de estima\u00e7\u00e3o ao veterin\u00e1rio? N\u00f3s levamo-lo e fazemos-lhe companhia nas idas ao veterin\u00e1rio","og_url":"https:\/\/malupetcare.pt\/en\/idas-ao-veterinario\/","og_site_name":"Mal\u00fc Pet Care","article_publisher":"https:\/\/www.facebook.com\/malu.petcare\/","article_modified_time":"2022-12-21T17:04:51+00:00","og_image":[{"url":"https:\/\/malupetcare.pt\/wp-content\/uploads\/2022\/11\/pexels-tima-miroshnichenko-6235108-scaled.jpg","type":"","width":"","height":""}],"twitter_card":"summary_large_image","twitter_misc":{"Est. reading time":"1 minute"},"schema":{"@context":"https:\/\/schema.org","@graph":[{"@type":"WebPage","@id":"https:\/\/malupetcare.pt\/idas-ao-veterinario\/","url":"https:\/\/malupetcare.pt\/idas-ao-veterinario\/","name":"Idas ao Veterin\u00e1rio - Mal\u00fc Pet Care","isPartOf":{"@id":"https:\/\/malupetcare.pt\/#website"},"primaryImageOfPage":{"@id":"https:\/\/malupetcare.pt\/idas-ao-veterinario\/#primaryimage"},"image":{"@id":"https:\/\/malupetcare.pt\/idas-ao-veterinario\/#primaryimage"},"thumbnailUrl":"https:\/\/malupetcare.pt\/wp-content\/uploads\/2022\/11\/pexels-tima-miroshnichenko-6235108-scaled.jpg","datePublished":"2022-10-31T23:24:46+00:00","dateModified":"2022-12-21T17:04:51+00:00","description":"Anda numa correria e n\u00e3o tem tempo de levar animal de estima\u00e7\u00e3o ao veterin\u00e1rio? N\u00f3s levamo-lo e fazemos-lhe companhia nas idas ao veterin\u00e1rio","inLanguage":"en-US","potentialAction":[{"@type":"ReadAction","target":["https:\/\/malupetcare.pt\/idas-ao-veterinario\/"]}]},{"@type":"ImageObject","inLanguage":"en-US","@id":"https:\/\/malupetcare.pt\/idas-ao-veterinario\/#primaryimage","url":"https:\/\/malupetcare.pt\/wp-content\/uploads\/2022\/11\/pexels-tima-miroshnichenko-6235108-scaled.jpg","contentUrl":"https:\/\/malupetcare.pt\/wp-content\/uploads\/2022\/11\/pexels-tima-miroshnichenko-6235108-scaled.jpg"},{"@type":"WebSite","@id":"https:\/\/malupetcare.pt\/#website","url":"https:\/\/malupetcare.pt\/","name":"Mal\u00fc Pet Care","description":"Pet Care - Petsitting, Dog Walking, Pet Taxi, Wedding Pet Sitter","publisher":{"@id":"https:\/\/malupetcare.pt\/#organization"},"potentialAction":[{"@type":"SearchAction","target":{"@type":"EntryPoint","urlTemplate":"https:\/\/malupetcare.pt\/?s={search_term_string}"},"query-input":{"@type":"PropertyValueSpecification","valueRequired":true,"valueName":"search_term_string"}}],"inLanguage":"en-US"},{"@type":"Organization","@id":"https:\/\/malupetcare.pt\/#organization","name":"Mal\u00fc Pet Care","url":"https:\/\/malupetcare.pt\/","logo":{"@type":"ImageObject","inLanguage":"en-US","@id":"https:\/\/malupetcare.pt\/#\/schema\/logo\/image\/","url":"https:\/\/malupetcare.pt\/wp-content\/uploads\/2022\/11\/cropped-MaluPetCare_Logo-07.png","contentUrl":"https:\/\/malupetcare.pt\/wp-content\/uploads\/2022\/11\/cropped-MaluPetCare_Logo-07.png","width":200,"height":200,"caption":"Mal\u00fc Pet Care"},"image":{"@id":"https:\/\/malupetcare.pt\/#\/schema\/logo\/image\/"},"sameAs":["https:\/\/www.facebook.com\/malu.petcare\/","https:\/\/www.instagram.com\/malu.petcare\/"]}]}},"_links":{"self":[{"href":"https:\/\/malupetcare.pt\/en\/wp-json\/wp\/v2\/pages\/263","targetHints":{"allow":["GET"]}}],"collection":[{"href":"https:\/\/malupetcare.pt\/en\/wp-json\/wp\/v2\/pages"}],"about":[{"href":"https:\/\/malupetcare.pt\/en\/wp-json\/wp\/v2\/types\/page"}],"author":[{"embeddable":true,"href":"https:\/\/malupetcare.pt\/en\/wp-json\/wp\/v2\/users\/1"}],"replies":[{"embeddable":true,"href":"https:\/\/malupetcare.pt\/en\/wp-json\/wp\/v2\/comments?post=263"}],"version-history":[{"count":10,"href":"https:\/\/malupetcare.pt\/en\/wp-json\/wp\/v2\/pages\/263\/revisions"}],"predecessor-version":[{"id":1315,"href":"https:\/\/malupetcare.pt\/en\/wp-json\/wp\/v2\/pages\/263\/revisions\/1315"}],"wp:attachment":[{"href":"https:\/\/malupetcare.pt\/en\/wp-json\/wp\/v2\/media?parent=263"}],"curies":[{"name":"wp","href":"https:\/\/api.w.org\/{rel}","templated":true}]}}