{"id":3,"date":"2022-10-20T22:31:19","date_gmt":"2022-10-20T22:31:19","guid":{"rendered":"https:\/\/malupetcare.pt\/?page_id=3"},"modified":"2022-12-15T16:07:33","modified_gmt":"2022-12-15T16:07:33","slug":"politica-privacidade","status":"publish","type":"page","link":"https:\/\/malupetcare.pt\/en\/politica-privacidade\/","title":{"rendered":"Privacy Policy"},"content":{"rendered":"<div data-elementor-type=\"wp-page\" data-elementor-id=\"3\" class=\"elementor elementor-3\">\n\t\t\t\t\t\t<section class=\"elementor-section elementor-top-section elementor-element elementor-element-962f681 elementor-section-boxed elementor-section-height-default elementor-section-height-default\" data-id=\"962f681\" data-element_type=\"section\" data-e-type=\"section\">\n\t\t\t\t\t\t<div class=\"elementor-container elementor-column-gap-default\">\n\t\t\t\t\t<div class=\"elementor-column elementor-col-100 elementor-top-column elementor-element elementor-element-75f08c9\" data-id=\"75f08c9\" data-element_type=\"column\" data-e-type=\"column\">\n\t\t\t<div class=\"elementor-widget-wrap elementor-element-populated\">\n\t\t\t\t\t\t<div class=\"elementor-element elementor-element-a7bfe11 elementor-widget elementor-widget-spacer\" data-id=\"a7bfe11\" data-element_type=\"widget\" data-e-type=\"widget\" data-widget_type=\"spacer.default\">\n\t\t\t\t<div class=\"elementor-widget-container\">\n\t\t\t\t\t\t\t<div class=\"elementor-spacer\">\n\t\t\t<div class=\"elementor-spacer-inner\"><\/div>\n\t\t<\/div>\n\t\t\t\t\t\t<\/div>\n\t\t\t\t<\/div>\n\t\t\t\t<div class=\"elementor-element elementor-element-999c26c elementor-widget elementor-widget-heading\" data-id=\"999c26c\" data-element_type=\"widget\" data-e-type=\"widget\" data-widget_type=\"heading.default\">\n\t\t\t\t<div class=\"elementor-widget-container\">\n\t\t\t\t\t<h2 class=\"elementor-heading-title elementor-size-default\">Privacy Policy<\/h2>\t\t\t\t<\/div>\n\t\t\t\t<\/div>\n\t\t\t\t<div class=\"elementor-element elementor-element-1dbfdd7 elementor-widget elementor-widget-spacer\" data-id=\"1dbfdd7\" data-element_type=\"widget\" data-e-type=\"widget\" data-widget_type=\"spacer.default\">\n\t\t\t\t<div class=\"elementor-widget-container\">\n\t\t\t\t\t\t\t<div class=\"elementor-spacer\">\n\t\t\t<div class=\"elementor-spacer-inner\"><\/div>\n\t\t<\/div>\n\t\t\t\t\t\t<\/div>\n\t\t\t\t<\/div>\n\t\t\t\t<div class=\"elementor-element elementor-element-9bd969c elementor-widget elementor-widget-text-editor\" data-id=\"9bd969c\" data-element_type=\"widget\" data-e-type=\"widget\" data-widget_type=\"text-editor.default\">\n\t\t\t\t<div class=\"elementor-widget-container\">\n\t\t\t\t\t\t\t\t\t<div class=\"elementor-element elementor-element-5e52947 elementor-widget elementor-widget-text-editor\" data-id=\"5e52947\" data-element_type=\"widget\" data-widget_type=\"text-editor.default\"><div class=\"elementor-widget-container\"><div class=\"elementor-text-editor elementor-clearfix\"><p>Mal\u00fc Pet Care understands the responsibility of data processing and for that reason we work to protect your information and give you control over it.<\/p><\/div><\/div><\/div><div class=\"elementor-element elementor-element-18fdea9 elementor-widget elementor-widget-heading\" data-id=\"18fdea9\" data-element_type=\"widget\" data-widget_type=\"heading.default\"><div class=\"elementor-widget-container\"><h5 class=\"elementor-heading-title elementor-size-default\">1. PRELIMINARY PROVISIONS<\/h5><\/div><\/div><div class=\"elementor-element elementor-element-60c3441 elementor-widget elementor-widget-text-editor\" data-id=\"60c3441\" data-element_type=\"widget\" data-widget_type=\"text-editor.default\"><div class=\"elementor-widget-container\"><div class=\"elementor-text-editor elementor-clearfix\"><p class=\"translation-block\">Unic\u00f3rnio Flamejante, Lda., with headquarters at Tv. Santa Marta, n\u00ba1 Ap. 3 1150-300 Lisbon, with legal person identification number 516 880 748 (the \u201c<strong>Company<\/strong>\u201d) guarantees users of the website (the \u201c<strong>Users<\/strong>\u201d) www.malupetcare.pt (the \u201c<strong>Site<\/strong>\u201d) \u00a0respect for your privacy.<\/p><p>Visiting this Website, in itself, does not automatically imply the recording of any personal data that identifies the User. However, the use of certain content or services may involve the provision of personal data by Users.<\/p><p>This privacy policy is an integral part of the general terms and conditions of use of the Website and regulates the collection and processing of personal data provided by Users, as well as the exercise of their rights in relation to this data, in accordance with current legislation.<\/p><p>If you have any questions regarding our privacy practices and this privacy policy, you should send an email to info@malupetcare.pt.<\/p><\/div><\/div><\/div><div class=\"elementor-element elementor-element-4662327 elementor-widget elementor-widget-heading\" data-id=\"4662327\" data-element_type=\"widget\" data-widget_type=\"heading.default\"><div class=\"elementor-widget-container\"><h5 class=\"elementor-heading-title elementor-size-default\">2. DATA COLLECTION AND PROCESSING<\/h5><\/div><\/div><div class=\"elementor-element elementor-element-5bad28f elementor-widget elementor-widget-text-editor\" data-id=\"5bad28f\" data-element_type=\"widget\" data-widget_type=\"text-editor.default\"><div class=\"elementor-widget-container\"><div class=\"elementor-text-editor elementor-clearfix\"><p>The Company is the entity responsible for collecting and processing Users\u2019 personal data.<\/p><p>The personal data collected will be processed and stored electronically by the Company and are intended to provide important information about the services that the User has subscribed to, respond to their requests for booking services, as well as their comments, requests for clarification or contact and suggestions.<\/p><p>Additionally, with the User's consent, the Company may send commercial information about its products and services, as well as the products and services of its partners.<\/p><p>The Company may hire other companies to provide services on the Company's behalf, such as, for example, hosting the Site, email, responding to user questions about the services, sending information about new services and products, special offers. Only the personal data necessary to provide the service in question is provided to these companies. Companies are obliged to maintain the confidentiality of information and are prohibited from using the information for other purposes, acting as subcontractors of the Company.<\/p><p>A Sociedade poder\u00e1 ainda comunicar os dados pessoais dos seus Utilizadores quando a transmiss\u00e3o seja efectuada no \u00e2mbito do cumprimento de uma obriga\u00e7\u00e3o legal, de uma delibera\u00e7\u00e3o da Comiss\u00e3o Nacional de Protec\u00e7\u00e3o de Dados Pessoais ou de uma ordem judicial, ou sempre que a comunica\u00e7\u00e3o seja levada a cabo para proteger interesses vitais dos Utilizadores ou qualquer outra finalidade leg\u00edtima prevista na lei.<\/p><p>The Company assumes that the data collected was entered by the respective holder or that its insertion was authorized by the same, being true and accurate.<\/p><\/div><\/div><\/div><div class=\"elementor-element elementor-element-c41601b elementor-widget elementor-widget-heading\" data-id=\"c41601b\" data-element_type=\"widget\" data-widget_type=\"heading.default\"><div class=\"elementor-widget-container\"><h5 class=\"elementor-heading-title elementor-size-default\">3. RIGHT OF ACCESS<\/h5><\/div><\/div><div class=\"elementor-element elementor-element-7ebb57c elementor-widget elementor-widget-text-editor\" data-id=\"7ebb57c\" data-element_type=\"widget\" data-widget_type=\"text-editor.default\"><div class=\"elementor-widget-container\"><div class=\"elementor-text-editor elementor-clearfix\"><p>In compliance with the provisions of Law No. 67\/98, of October 26th (Personal Data Protection Law), the User may, at any time, exercise the rights of access, rectification and cancellation of their data, as well as as well as the right to object to their treatment, by means of a written request addressed to the Company at the following address: Travessa Santa Marta, n\u00ba1 Ap. 3.<\/p><\/div><\/div><\/div><div class=\"elementor-element elementor-element-1856cb4 elementor-widget elementor-widget-heading\" data-id=\"1856cb4\" data-element_type=\"widget\" data-widget_type=\"heading.default\"><div class=\"elementor-widget-container\"><h5 class=\"elementor-heading-title elementor-size-default\">4. USE OF \u201cCOOKIES\u201d<\/h5><\/div><\/div><div class=\"elementor-element elementor-element-42a43a4 elementor-widget elementor-widget-text-editor\" data-id=\"42a43a4\" data-element_type=\"widget\" data-widget_type=\"text-editor.default\"><div class=\"elementor-widget-container\"><div class=\"elementor-text-editor elementor-clearfix\"><p>To provide a better service to the User, the Site may use \u201ccookies\u201d.<\/p><p>\u201cCookies\u201d are data files that a website sends to the user\u2019s computer while the user visits that website. These data files include information that allows you to store important data that will make your browsing more efficient and useful.<\/p><p>The User has, at any time, the possibility of not accepting \u201ccookies\u201d, being able to configure their computer so that they are notified whenever a \u201ccookie\u201d is being sent or deactivate all \u201ccookies\u201d through their browser. The User should check the \u201cHELP\u201d menu of their browser to find out the best way to change or update their \u201ccookies\u201d.<\/p><\/div><\/div><\/div><div class=\"elementor-element elementor-element-b93cd7c elementor-widget elementor-widget-heading\" data-id=\"b93cd7c\" data-element_type=\"widget\" data-widget_type=\"heading.default\"><div class=\"elementor-widget-container\"><h5 class=\"elementor-heading-title elementor-size-default\">5. OTHER TYPES OF INFORMATION PROVIDED<\/h5><\/div><\/div><div class=\"elementor-element elementor-element-1e2e0fc elementor-widget elementor-widget-text-editor\" data-id=\"1e2e0fc\" data-element_type=\"widget\" data-widget_type=\"text-editor.default\"><div class=\"elementor-widget-container\"><div class=\"elementor-text-editor elementor-clearfix\"><p>By responding to surveys or signing up for offers or promotions, the User may provide the Company with information about their preferences regarding products and services, reasons for purchasing a product and information about their lifestyle. This helps the Company to know more about Users' preferences and thus be able to better adapt to their tastes and preferences.<\/p><\/div><\/div><\/div><div class=\"elementor-element elementor-element-dffbfef elementor-widget elementor-widget-heading\" data-id=\"dffbfef\" data-element_type=\"widget\" data-widget_type=\"heading.default\"><div class=\"elementor-widget-container\"><h5 class=\"elementor-heading-title elementor-size-default\">6. CHANGES TO THE PRIVACY POLICY<\/h5><\/div><\/div><div class=\"elementor-element elementor-element-46f33d0 elementor-widget elementor-widget-text-editor\" data-id=\"46f33d0\" data-element_type=\"widget\" data-widget_type=\"text-editor.default\"><div class=\"elementor-widget-container\"><div class=\"elementor-text-editor elementor-clearfix\">The Company reserves the right, at any time and without prior notice and with immediate effect, to change, add or revoke, partially or completely, this privacy policy. Any changes will be immediately published on Site.DE<\/div><\/div><\/div>\t\t\t\t\t\t\t\t<\/div>\n\t\t\t\t<\/div>\n\t\t\t\t\t<\/div>\n\t\t<\/div>\n\t\t\t\t\t<\/div>\n\t\t<\/section>\n\t\t\t\t<\/div>","protected":false},"excerpt":{"rendered":"<p>Pol\u00edtica de Privacidade A Mal\u00fc Pet Care compreende a responsabilidade do tratamento de dados e por essa raz\u00e3o trabalhamos para proteger as suas informa\u00e7\u00f5es e dar-lhe o controlo sobre elas. 1. DISPOSI\u00c7\u00d5ES PRELIMINARES A Unic\u00f3rnio Flamejante, Lda.,\u00a0 com sede na Tv. Santa Marta, n\u00ba1 Ap. 3 1150-300 Lisboa, com o n\u00famero de identifica\u00e7\u00e3o de pessoa&hellip;&nbsp;<a href=\"https:\/\/malupetcare.pt\/en\/politica-privacidade\/\" rel=\"bookmark\">Read More &raquo;<span class=\"screen-reader-text\">Privacy Policy<\/span><\/a><\/p>","protected":false},"author":1,"featured_media":0,"parent":0,"menu_order":0,"comment_status":"closed","ping_status":"open","template":"elementor_header_footer","meta":{"_monsterinsights_skip_tracking":false,"_monsterinsights_sitenote_active":false,"_monsterinsights_sitenote_note":"","_monsterinsights_sitenote_category":0,"_uf_show_specific_survey":0,"_uf_disable_surveys":false,"neve_meta_sidebar":"","neve_meta_container":"","neve_meta_enable_content_width":"","neve_meta_content_width":0,"neve_meta_title_alignment":"","neve_meta_author_avatar":"","neve_post_elements_order":"","neve_meta_disable_header":"","neve_meta_disable_footer":"","neve_meta_disable_title":"","pgc_sgb_lightbox_settings":"","footnotes":""},"class_list":["post-3","page","type-page","status-publish","hentry"],"yoast_head":"<!-- This site is optimized with the Yoast SEO plugin v27.3 - https:\/\/yoast.com\/product\/yoast-seo-wordpress\/ -->\n<title>Pol\u00edtica de Privacidade - Mal\u00fc Pet Care<\/title>\n<meta name=\"robots\" content=\"index, follow, max-snippet:-1, max-image-preview:large, max-video-preview:-1\" \/>\n<link rel=\"canonical\" href=\"https:\/\/malupetcare.pt\/en\/politica-privacidade\/\" \/>\n<meta property=\"og:locale\" content=\"en_US\" \/>\n<meta property=\"og:type\" content=\"article\" \/>\n<meta property=\"og:title\" content=\"Pol\u00edtica de Privacidade - Mal\u00fc Pet Care\" \/>\n<meta property=\"og:description\" content=\"Pol\u00edtica de Privacidade A Mal\u00fc Pet Care compreende a responsabilidade do tratamento de dados e por essa raz\u00e3o trabalhamos para proteger as suas informa\u00e7\u00f5es e dar-lhe o controlo sobre elas. 1. DISPOSI\u00c7\u00d5ES PRELIMINARES A Unic\u00f3rnio Flamejante, Lda.,\u00a0 com sede na Tv. Santa Marta, n\u00ba1 Ap. 3 1150-300 Lisboa, com o n\u00famero de identifica\u00e7\u00e3o de pessoa&hellip;&nbsp;Read More &raquo;Pol\u00edtica de Privacidade\" \/>\n<meta property=\"og:url\" content=\"https:\/\/malupetcare.pt\/en\/politica-privacidade\/\" \/>\n<meta property=\"og:site_name\" content=\"Mal\u00fc Pet Care\" \/>\n<meta property=\"article:publisher\" content=\"https:\/\/www.facebook.com\/malu.petcare\/\" \/>\n<meta property=\"article:modified_time\" content=\"2022-12-15T16:07:33+00:00\" \/>\n<meta name=\"twitter:card\" content=\"summary_large_image\" \/>\n<meta name=\"twitter:label1\" content=\"Est. reading time\" \/>\n\t<meta name=\"twitter:data1\" content=\"7 minutes\" \/>\n<script type=\"application\/ld+json\" class=\"yoast-schema-graph\">{\"@context\":\"https:\\\/\\\/schema.org\",\"@graph\":[{\"@type\":\"WebPage\",\"@id\":\"https:\\\/\\\/malupetcare.pt\\\/politica-privacidade\\\/\",\"url\":\"https:\\\/\\\/malupetcare.pt\\\/politica-privacidade\\\/\",\"name\":\"Pol\u00edtica de Privacidade - Mal\u00fc Pet Care\",\"isPartOf\":{\"@id\":\"https:\\\/\\\/malupetcare.pt\\\/#website\"},\"datePublished\":\"2022-10-20T22:31:19+00:00\",\"dateModified\":\"2022-12-15T16:07:33+00:00\",\"inLanguage\":\"en-US\",\"potentialAction\":[{\"@type\":\"ReadAction\",\"target\":[\"https:\\\/\\\/malupetcare.pt\\\/politica-privacidade\\\/\"]}]},{\"@type\":\"WebSite\",\"@id\":\"https:\\\/\\\/malupetcare.pt\\\/#website\",\"url\":\"https:\\\/\\\/malupetcare.pt\\\/\",\"name\":\"Mal\u00fc Pet Care\",\"description\":\"Pet Care - Petsitting, Dog Walking, Pet Taxi, Wedding Pet Sitter\",\"publisher\":{\"@id\":\"https:\\\/\\\/malupetcare.pt\\\/#organization\"},\"potentialAction\":[{\"@type\":\"SearchAction\",\"target\":{\"@type\":\"EntryPoint\",\"urlTemplate\":\"https:\\\/\\\/malupetcare.pt\\\/?s={search_term_string}\"},\"query-input\":{\"@type\":\"PropertyValueSpecification\",\"valueRequired\":true,\"valueName\":\"search_term_string\"}}],\"inLanguage\":\"en-US\"},{\"@type\":\"Organization\",\"@id\":\"https:\\\/\\\/malupetcare.pt\\\/#organization\",\"name\":\"Mal\u00fc Pet Care\",\"url\":\"https:\\\/\\\/malupetcare.pt\\\/\",\"logo\":{\"@type\":\"ImageObject\",\"inLanguage\":\"en-US\",\"@id\":\"https:\\\/\\\/malupetcare.pt\\\/#\\\/schema\\\/logo\\\/image\\\/\",\"url\":\"https:\\\/\\\/malupetcare.pt\\\/wp-content\\\/uploads\\\/2022\\\/11\\\/cropped-MaluPetCare_Logo-07.png\",\"contentUrl\":\"https:\\\/\\\/malupetcare.pt\\\/wp-content\\\/uploads\\\/2022\\\/11\\\/cropped-MaluPetCare_Logo-07.png\",\"width\":200,\"height\":200,\"caption\":\"Mal\u00fc Pet Care\"},\"image\":{\"@id\":\"https:\\\/\\\/malupetcare.pt\\\/#\\\/schema\\\/logo\\\/image\\\/\"},\"sameAs\":[\"https:\\\/\\\/www.facebook.com\\\/malu.petcare\\\/\",\"https:\\\/\\\/www.instagram.com\\\/malu.petcare\\\/\"]}]}<\/script>\n<!-- \/ Yoast SEO plugin. -->","yoast_head_json":{"title":"Pol\u00edtica de Privacidade - Mal\u00fc Pet Care","robots":{"index":"index","follow":"follow","max-snippet":"max-snippet:-1","max-image-preview":"max-image-preview:large","max-video-preview":"max-video-preview:-1"},"canonical":"https:\/\/malupetcare.pt\/en\/politica-privacidade\/","og_locale":"en_US","og_type":"article","og_title":"Pol\u00edtica de Privacidade - Mal\u00fc Pet Care","og_description":"Pol\u00edtica de Privacidade A Mal\u00fc Pet Care compreende a responsabilidade do tratamento de dados e por essa raz\u00e3o trabalhamos para proteger as suas informa\u00e7\u00f5es e dar-lhe o controlo sobre elas. 1. DISPOSI\u00c7\u00d5ES PRELIMINARES A Unic\u00f3rnio Flamejante, Lda.,\u00a0 com sede na Tv. Santa Marta, n\u00ba1 Ap. 3 1150-300 Lisboa, com o n\u00famero de identifica\u00e7\u00e3o de pessoa&hellip;&nbsp;Read More &raquo;Pol\u00edtica de Privacidade","og_url":"https:\/\/malupetcare.pt\/en\/politica-privacidade\/","og_site_name":"Mal\u00fc Pet Care","article_publisher":"https:\/\/www.facebook.com\/malu.petcare\/","article_modified_time":"2022-12-15T16:07:33+00:00","twitter_card":"summary_large_image","twitter_misc":{"Est. reading time":"7 minutes"},"schema":{"@context":"https:\/\/schema.org","@graph":[{"@type":"WebPage","@id":"https:\/\/malupetcare.pt\/politica-privacidade\/","url":"https:\/\/malupetcare.pt\/politica-privacidade\/","name":"Pol\u00edtica de Privacidade - Mal\u00fc Pet Care","isPartOf":{"@id":"https:\/\/malupetcare.pt\/#website"},"datePublished":"2022-10-20T22:31:19+00:00","dateModified":"2022-12-15T16:07:33+00:00","inLanguage":"en-US","potentialAction":[{"@type":"ReadAction","target":["https:\/\/malupetcare.pt\/politica-privacidade\/"]}]},{"@type":"WebSite","@id":"https:\/\/malupetcare.pt\/#website","url":"https:\/\/malupetcare.pt\/","name":"Mal\u00fc Pet Care","description":"Pet Care - Petsitting, Dog Walking, Pet Taxi, Wedding Pet Sitter","publisher":{"@id":"https:\/\/malupetcare.pt\/#organization"},"potentialAction":[{"@type":"SearchAction","target":{"@type":"EntryPoint","urlTemplate":"https:\/\/malupetcare.pt\/?s={search_term_string}"},"query-input":{"@type":"PropertyValueSpecification","valueRequired":true,"valueName":"search_term_string"}}],"inLanguage":"en-US"},{"@type":"Organization","@id":"https:\/\/malupetcare.pt\/#organization","name":"Mal\u00fc Pet Care","url":"https:\/\/malupetcare.pt\/","logo":{"@type":"ImageObject","inLanguage":"en-US","@id":"https:\/\/malupetcare.pt\/#\/schema\/logo\/image\/","url":"https:\/\/malupetcare.pt\/wp-content\/uploads\/2022\/11\/cropped-MaluPetCare_Logo-07.png","contentUrl":"https:\/\/malupetcare.pt\/wp-content\/uploads\/2022\/11\/cropped-MaluPetCare_Logo-07.png","width":200,"height":200,"caption":"Mal\u00fc Pet Care"},"image":{"@id":"https:\/\/malupetcare.pt\/#\/schema\/logo\/image\/"},"sameAs":["https:\/\/www.facebook.com\/malu.petcare\/","https:\/\/www.instagram.com\/malu.petcare\/"]}]}},"_links":{"self":[{"href":"https:\/\/malupetcare.pt\/en\/wp-json\/wp\/v2\/pages\/3","targetHints":{"allow":["GET"]}}],"collection":[{"href":"https:\/\/malupetcare.pt\/en\/wp-json\/wp\/v2\/pages"}],"about":[{"href":"https:\/\/malupetcare.pt\/en\/wp-json\/wp\/v2\/types\/page"}],"author":[{"embeddable":true,"href":"https:\/\/malupetcare.pt\/en\/wp-json\/wp\/v2\/users\/1"}],"replies":[{"embeddable":true,"href":"https:\/\/malupetcare.pt\/en\/wp-json\/wp\/v2\/comments?post=3"}],"version-history":[{"count":10,"href":"https:\/\/malupetcare.pt\/en\/wp-json\/wp\/v2\/pages\/3\/revisions"}],"predecessor-version":[{"id":1040,"href":"https:\/\/malupetcare.pt\/en\/wp-json\/wp\/v2\/pages\/3\/revisions\/1040"}],"wp:attachment":[{"href":"https:\/\/malupetcare.pt\/en\/wp-json\/wp\/v2\/media?parent=3"}],"curies":[{"name":"wp","href":"https:\/\/api.w.org\/{rel}","templated":true}]}}